{"id":37,"date":"2024-04-22T11:47:49","date_gmt":"2024-04-22T09:47:49","guid":{"rendered":"https:\/\/test.leccepiu.com\/?page_id=37"},"modified":"2024-04-22T11:47:49","modified_gmt":"2024-04-22T09:47:49","slug":"blog-2","status":"publish","type":"page","link":"https:\/\/test.leccepiu.com\/?page_id=37","title":{"rendered":"Blog"},"content":{"rendered":"<p>Benvenuti sul nostro blog dedicato alla nostra startup LeccePi\u00f9! Siamo entusiasti di condividere con voi le nostre ultime novit\u00e0, consigli e storie di successo provenienti dal nostro ecosistema di venditori e acquirenti.<\/p><p>La nostra piattaforma \u00e8 stata creata con l&#8217;obiettivo di facilitare il commercio tra piccole imprese e consumatori, offrendo una vasta gamma di prodotti e servizi provenienti da tutta la citt\u00e0. Vogliamo creare un luogo dove esperti artigiani, designer indipendenti, professionisti, commercianti, produttori  e piccoli imprenditori possano trovare una piattaforma per far crescere i loro prodotti e raggiungere un pubblico pi\u00f9 ampio.<\/p><p>In questo blog troverete consigli su come migliorare la vostra presenza online, come distinguervi dalla concorrenza e come aumentare le vostre vendite. Condivideremo le storie di successo dei nostri venditori e le testimonianze dei nostri acquirenti soddisfatti, mostrandovi come la nostra piattaforma ha contribuito a trasformare le loro attivit\u00e0.<\/p><p>Siamo appassionati di aiutare le piccole imprese a crescere e a prosperare, e crediamo che la nostra startup LeccePi\u00f9 possa essere il trampolino di lancio che state cercando. Seguiteci su questo blog per rimanere aggiornati sulle ultime novit\u00e0 e per trovare ispirazione per far crescere la vostra attivit\u00e0.<\/p><p>Grazie per essere parte della nostra community e per il vostro continuo supporto. Insieme possiamo costruire un futuro di successo per tutti i nostri utenti. Benvenuti nel nostro mondo di opportunit\u00e0 e crescita!<\/p><p>Vi invitiamo a esplorare il nostro blog, a lasciare i vostri commenti e feedback, e a seguirci sui social media per restare sempre aggiornati sulle nostre ultime novit\u00e0. Grazie per essere qui con noi e per il vostro continuo sostegno.<\/p><p>Benvenuti a bordo e buona lettura!<\/p>","protected":false},"excerpt":{"rendered":"<p>Benvenuti sul nostro blog dedicato alla nostra startup LeccePi\u00f9! Siamo entusiasti di condividere con voi le nostre ultime novit\u00e0, consigli e storie di successo provenienti dal nostro ecosistema di venditori e acquirenti. La nostra piattaforma \u00e8 stata creata con l&#8217;obiettivo di facilitare il commercio tra piccole imprese e consumatori, offrendo una vasta gamma di prodotti [&hellip;]<\/p>\n","protected":false},"author":1,"featured_media":38,"parent":0,"menu_order":0,"comment_status":"closed","ping_status":"closed","template":"","meta":{"footnotes":""},"class_list":["post-37","page","type-page","status-publish","has-post-thumbnail","hentry"],"_links":{"self":[{"href":"https:\/\/test.leccepiu.com\/index.php?rest_route=\/wp\/v2\/pages\/37","targetHints":{"allow":["GET"]}}],"collection":[{"href":"https:\/\/test.leccepiu.com\/index.php?rest_route=\/wp\/v2\/pages"}],"about":[{"href":"https:\/\/test.leccepiu.com\/index.php?rest_route=\/wp\/v2\/types\/page"}],"author":[{"embeddable":true,"href":"https:\/\/test.leccepiu.com\/index.php?rest_route=\/wp\/v2\/users\/1"}],"replies":[{"embeddable":true,"href":"https:\/\/test.leccepiu.com\/index.php?rest_route=%2Fwp%2Fv2%2Fcomments&post=37"}],"version-history":[{"count":1,"href":"https:\/\/test.leccepiu.com\/index.php?rest_route=\/wp\/v2\/pages\/37\/revisions"}],"predecessor-version":[{"id":39,"href":"https:\/\/test.leccepiu.com\/index.php?rest_route=\/wp\/v2\/pages\/37\/revisions\/39"}],"wp:featuredmedia":[{"embeddable":true,"href":"https:\/\/test.leccepiu.com\/index.php?rest_route=\/wp\/v2\/media\/38"}],"wp:attachment":[{"href":"https:\/\/test.leccepiu.com\/index.php?rest_route=%2Fwp%2Fv2%2Fmedia&parent=37"}],"curies":[{"name":"wp","href":"https:\/\/api.w.org\/{rel}","templated":true}]}}