{"id":40,"date":"2024-04-22T11:50:06","date_gmt":"2024-04-22T09:50:06","guid":{"rendered":"https:\/\/test.leccepiu.com\/?page_id=40"},"modified":"2024-05-03T19:14:23","modified_gmt":"2024-05-03T17:14:23","slug":"hub-di-quartiere","status":"publish","type":"page","link":"https:\/\/test.leccepiu.com\/?page_id=40","title":{"rendered":"Hub di quartiere"},"content":{"rendered":"<p>Hub di quartiere \u00e8 un servizio innovativo che permette ai consumatori di trovare facilmente i negozi pi\u00f9 vicini a loro e ai negozi di promuovere i propri prodotti in tempo reale. Grazie alla funzione di messaggistica, i consumatori possono mettersi direttamente in contatto con i venditori per effettuare prenotazioni o richiedere la consegna a domicilio della spesa.<\/p><p>Il servizio \u00e8 aperto a tutti i negozi, come botteghe, Macellerie, Pescherie, Panifici, Ortofrutta, etc., che desiderano raggiungere i propri clienti in modo pi\u00f9 efficiente e sicuro, evitando lunghe code e assembramenti.<\/p><p>Se sei un venditore interessato a partecipare a Hub di quartiere, non esitare a contattare i responsabili su LeccePi\u00f9 per ricevere il massimo supporto e aumentare la visibilit\u00e0 del tuo negozio.<\/p><div class='wp-block-icb-image-compare  align' id='icbImageCompare-294d490c-6' data-attributes='{&quot;cId&quot;:&quot;294d490c-6&quot;,&quot;beforeImg&quot;:{&quot;id&quot;:378,&quot;url&quot;:&quot;https:\\\/\\\/test.leccepiu.com\\\/wp-content\\\/uploads\\\/2024\\\/05\\\/sperco_del_cibo_2.jpg&quot;,&quot;alt&quot;:&quot;&quot;,&quot;title&quot;:&quot;sperco_del_cibo_2&quot;},&quot;afterImg&quot;:{&quot;id&quot;:379,&quot;url&quot;:&quot;https:\\\/\\\/test.leccepiu.com\\\/wp-content\\\/uploads\\\/2024\\\/05\\\/antony-trivet-NKq52X-o2pc-unsplash-scaled-1.webp&quot;,&quot;alt&quot;:&quot;&quot;,&quot;title&quot;:&quot;antony-trivet-NKq52X-o2pc-unsplash-scaled-1&quot;},&quot;align&quot;:&quot;&quot;,&quot;alignment&quot;:&quot;center&quot;,&quot;width&quot;:&quot;80%&quot;,&quot;border&quot;:[],&quot;isSwap&quot;:false,&quot;isLabel&quot;:true,&quot;beforeLabel&quot;:&quot;&quot;,&quot;afterLabel&quot;:&quot;&quot;,&quot;labelTypo&quot;:{&quot;fontSize&quot;:{&quot;desktop&quot;:15,&quot;tablet&quot;:15,&quot;mobile&quot;:15}},&quot;labelColors&quot;:{&quot;color&quot;:&quot;#fff&quot;,&quot;bg&quot;:&quot;#00000080&quot;},&quot;labelPadding&quot;:{&quot;vertical&quot;:&quot;10px&quot;,&quot;horizontal&quot;:&quot;15px&quot;},&quot;isCap&quot;:true,&quot;cap&quot;:&quot;&quot;,&quot;capAlign&quot;:&quot;center&quot;,&quot;capTypo&quot;:{&quot;fontSize&quot;:{&quot;desktop&quot;:14,&quot;tablet&quot;:14,&quot;mobile&quot;:14}},&quot;capColors&quot;:{&quot;color&quot;:&quot;#333&quot;,&quot;bg&quot;:&quot;#f4f4f4&quot;},&quot;capPadding&quot;:{&quot;vertical&quot;:&quot;10px&quot;,&quot;horizontal&quot;:&quot;15px&quot;}}'><\/div><p>Inoltre, Hub di quartiere offre la possibilit\u00e0 ai consumatori di fare la spesa in modo pi\u00f9 consapevole, potendo consultare le informazioni nutrizionali dei prodotti e scegliere quelli pi\u00f9 adatti alle proprie esigenze. In questo modo, si promuove una maggiore attenzione verso la qualit\u00e0 degli alimenti e si combatte lo spreco alimentare.<\/p><p>L&#8217;iniziativa di Hub di quartiere si inserisce in un contesto pi\u00f9 ampio di sostenibilit\u00e0 e responsabilit\u00e0 sociale, promuovendo la collaborazione tra soggetti commerciali, consumatori e istituzioni per favorire un sistema alimentare pi\u00f9 equo e sostenibile.<\/p><p>LeccePi\u00f9 si impegna quindi a sostenere e diffondere l&#8217;importanza di un consumo consapevole e responsabile, contribuendo cos\u00ec a promuovere stili di vita pi\u00f9 salutari e sostenibili per il benessere collettivo.<\/p><p>Oggi pi\u00f9 che mai \u2013 affermano i fondatori LeccePi\u00f9 &#8211; ci sentiamo di mettere a disposizione le nostre competenze e le nostre idee, in modo totalmente gratuito in un periodo di grande ristrettezza esconomica\u201d. Hub di quartiere \u00e8 un progetto che speriamo sia condiviso da Enti locali e associazioni di categoria quali Confcommercio, Confartigianato, Confindustria, GDO e molte Onlus locali con l\u2019auspicio che sposino l\u2019iniziativa con l\u2019obiettivo di indirizzare i consumatori verso un\u2019alimentazione consapevole.<\/p>","protected":false},"excerpt":{"rendered":"<p>Hub di quartiere \u00e8 un servizio innovativo che permette ai consumatori di trovare facilmente i negozi pi\u00f9 vicini a loro e ai negozi di promuovere i propri prodotti in tempo reale. Grazie alla funzione di messaggistica, i consumatori possono mettersi direttamente in contatto con i venditori per effettuare prenotazioni o richiedere la consegna a domicilio [&hellip;]<\/p>\n","protected":false},"author":1,"featured_media":0,"parent":0,"menu_order":0,"comment_status":"closed","ping_status":"closed","template":"","meta":{"footnotes":""},"class_list":["post-40","page","type-page","status-publish","hentry"],"_links":{"self":[{"href":"https:\/\/test.leccepiu.com\/index.php?rest_route=\/wp\/v2\/pages\/40","targetHints":{"allow":["GET"]}}],"collection":[{"href":"https:\/\/test.leccepiu.com\/index.php?rest_route=\/wp\/v2\/pages"}],"about":[{"href":"https:\/\/test.leccepiu.com\/index.php?rest_route=\/wp\/v2\/types\/page"}],"author":[{"embeddable":true,"href":"https:\/\/test.leccepiu.com\/index.php?rest_route=\/wp\/v2\/users\/1"}],"replies":[{"embeddable":true,"href":"https:\/\/test.leccepiu.com\/index.php?rest_route=%2Fwp%2Fv2%2Fcomments&post=40"}],"version-history":[{"count":3,"href":"https:\/\/test.leccepiu.com\/index.php?rest_route=\/wp\/v2\/pages\/40\/revisions"}],"predecessor-version":[{"id":380,"href":"https:\/\/test.leccepiu.com\/index.php?rest_route=\/wp\/v2\/pages\/40\/revisions\/380"}],"wp:attachment":[{"href":"https:\/\/test.leccepiu.com\/index.php?rest_route=%2Fwp%2Fv2%2Fmedia&parent=40"}],"curies":[{"name":"wp","href":"https:\/\/api.w.org\/{rel}","templated":true}]}}