{"id":44,"date":"2024-04-22T11:55:56","date_gmt":"2024-04-22T09:55:56","guid":{"rendered":"https:\/\/test.leccepiu.com\/?page_id=44"},"modified":"2024-05-22T19:08:32","modified_gmt":"2024-05-22T17:08:32","slug":"sostenibilita-sociale","status":"publish","type":"page","link":"https:\/\/test.leccepiu.com\/?page_id=44","title":{"rendered":"Sostenibilit\u00e0 Sociale"},"content":{"rendered":"\t\t<div data-elementor-type=\"wp-page\" data-elementor-id=\"44\" class=\"elementor elementor-44\" data-elementor-post-type=\"page\">\n\t\t\t\t<div class=\"elementor-element elementor-element-046abad e-flex e-con-boxed e-con e-parent\" data-id=\"046abad\" data-element_type=\"container\">\n\t\t\t\t\t<div class=\"e-con-inner\">\n\t\t\t\t<div class=\"elementor-element elementor-element-a10a886 elementor-widget elementor-widget-image\" data-id=\"a10a886\" data-element_type=\"widget\" data-widget_type=\"image.default\">\n\t\t\t\t<div class=\"elementor-widget-container\">\n\t\t\t\t\t\t\t\t\t\t\t\t\t\t\t<img decoding=\"async\" width=\"150\" height=\"150\" src=\"https:\/\/test.leccepiu.com\/wp-content\/uploads\/2024\/05\/angeli-di-quartiere.jpg\" class=\"attachment-large size-large wp-image-552\" alt=\"\" srcset=\"https:\/\/test.leccepiu.com\/wp-content\/uploads\/2024\/05\/angeli-di-quartiere.jpg 150w, https:\/\/test.leccepiu.com\/wp-content\/uploads\/2024\/05\/angeli-di-quartiere-100x100.jpg 100w\" sizes=\"(max-width: 150px) 100vw, 150px\" \/>\t\t\t\t\t\t\t\t\t\t\t\t\t\t\t<\/div>\n\t\t\t\t<\/div>\n\t\t\t\t\t<\/div>\n\t\t\t\t<\/div>\n\t\t<div class=\"elementor-element elementor-element-8e45ebd e-flex e-con-boxed e-con e-parent\" data-id=\"8e45ebd\" data-element_type=\"container\">\n\t\t\t\t\t<div class=\"e-con-inner\">\n\t\t\t\t<div class=\"elementor-element elementor-element-b8237c4 elementor-widget elementor-widget-text-editor\" data-id=\"b8237c4\" data-element_type=\"widget\" data-widget_type=\"text-editor.default\">\n\t\t\t\t<div class=\"elementor-widget-container\">\n\t\t\t\t\t\t\t\t\t<p>Gli &#8216;<strong>angeli di quartiere<\/strong>&#8216; saranno dei veri e propri punti di riferimento per coloro che si trovano soli e non hanno supporto da parte di familiari o amici. Saranno in grado di fornire non solo supporto pratico, ma anche conforto e compagnia, aiutando le persone a sentirsi meno sole e pi\u00f9 integrate nella comunit\u00e0.<\/p>\n<p>Questo nuovo servizio \u00e8 stato accolto positivamente dalla comunit\u00e0 locale, che ha riconosciuto l&#8217;importanza di avere un supporto costante e vicino a casa per chi si trova in difficolt\u00e0. Grazie agli &#8216;angeli di quartiere&#8217;, molte persone potranno essere assistite e seguite nel loro quotidiano, migliorando cos\u00ec la loro qualit\u00e0 di vita.<\/p>\n<p>I volontari che si sono resi disponibili per svolgere questo ruolo sono stati elogiati per la loro dedizione e generosit\u00e0, dimostrando di essere veri e propri angeli custodi per coloro che ne hanno pi\u00f9 bisogno. Questo nuovo servizio dimostra quanto sia importante la solidariet\u00e0 e l&#8217;aiuto reciproco all&#8217;interno di una comunit\u00e0, e speriamo che possa essere replicato anche in altre citt\u00e0 e quartieri.<\/p>\n<p>Il progetto prevede inoltre attivit\u00e0 di animazione e socializzazione, con momenti di svago e di condivisione per contrastare l&#8217;isolamento sociale e favorire il benessere psicofisico degli anziani e dei disabili. Saranno inoltre organizzate visite mediche a domicilio e supporto psicologico in collaborazione con i servizi sociali del Comune.<\/p>\n<p>I volontari coinvolti nel progetto sono formati e preparati per gestire al meglio le esigenze degli utenti, garantendo un servizio di qualit\u00e0 e rispondente alle necessit\u00e0 specifiche di ogni singola persona.<\/p>\n<p>\u00a0<\/p>\t\t\t\t\t\t\t\t<\/div>\n\t\t\t\t<\/div>\n\t\t\t\t\t<\/div>\n\t\t\t\t<\/div>\n\t\t<div class=\"elementor-element elementor-element-381a4f0 e-flex e-con-boxed e-con e-parent\" data-id=\"381a4f0\" data-element_type=\"container\">\n\t\t\t\t\t<div class=\"e-con-inner\">\n\t\t\t\t<div class=\"elementor-element elementor-element-3fc0d76 elementor--h-position-center elementor--v-position-middle elementor-arrows-position-inside elementor-pagination-position-inside elementor-widget elementor-widget-slides\" data-id=\"3fc0d76\" data-element_type=\"widget\" data-settings=\"{&quot;navigation&quot;:&quot;both&quot;,&quot;autoplay&quot;:&quot;yes&quot;,&quot;pause_on_hover&quot;:&quot;yes&quot;,&quot;pause_on_interaction&quot;:&quot;yes&quot;,&quot;autoplay_speed&quot;:5000,&quot;infinite&quot;:&quot;yes&quot;,&quot;transition&quot;:&quot;slide&quot;,&quot;transition_speed&quot;:500}\" data-widget_type=\"slides.default\">\n\t\t\t\t<div class=\"elementor-widget-container\">\n\t\t\t\t\t\t\t\t\t<div class=\"elementor-swiper\">\n\t\t\t\t\t<div class=\"elementor-slides-wrapper elementor-main-swiper swiper\" role=\"region\" aria-roledescription=\"carousel\" aria-label=\"Slides\" dir=\"ltr\" data-animation=\"fadeInUp\">\n\t\t\t\t<div class=\"swiper-wrapper elementor-slides\">\n\t\t\t\t\t\t\t\t\t\t<div class=\"elementor-repeater-item-f65223e swiper-slide\" role=\"group\" aria-roledescription=\"slide\"><div class=\"swiper-slide-bg\" role=\"img\"><\/div><a class=\"swiper-slide-inner\" href=\"https:\/\/test.leccepiu.com\/?page_id=40\"><div class=\"swiper-slide-contents\"><div class=\"elementor-slide-description\">Hub di quartiere \u00e8 un servizio innovativo che permette ai consumatori di trovare facilmente i negozi pi\u00f9 vicini a loro e ai negozi di promuovere i propri prodotti in tempo reale.<\/div><div  class=\"elementor-button elementor-slide-button elementor-size-sm\">Vedi di pi\u00f9<\/div><\/div><\/a><\/div><div class=\"elementor-repeater-item-5299073 swiper-slide\" role=\"group\" aria-roledescription=\"slide\"><div class=\"swiper-slide-bg\" role=\"img\"><\/div><a class=\"swiper-slide-inner\" href=\"https:\/\/test.leccepiu.com\/?post_type=product\"><div class=\"swiper-slide-contents\"><div class=\"elementor-slide-heading\">Lo Shop<\/div><div class=\"elementor-slide-description\">Unisciti a noi nel progetto LeccePi\u00f9 e contribuisci a costruire il futuro digitale di Lecce!<\/div><div  class=\"elementor-button elementor-slide-button elementor-size-sm\">Vedi di pi\u00f9<\/div><\/div><\/a><\/div><div class=\"elementor-repeater-item-93c0506 swiper-slide\" role=\"group\" aria-roledescription=\"slide\"><div class=\"swiper-slide-bg\" role=\"img\"><\/div><a class=\"swiper-slide-inner\" href=\"https:\/\/test.leccepiu.com\/?page_id=275\"><div class=\"swiper-slide-contents\"><div class=\"elementor-slide-heading\">Cerca nel tuo Quartiere<\/div><div class=\"elementor-slide-description\">Dai priorit\u00e0 al tuo Quartiere, e contribuisci attivamente a migliorare la tua Citt\u00e0<\/div><div  class=\"elementor-button elementor-slide-button elementor-size-sm\">Vedi di pi\u00f9<\/div><\/div><\/a><\/div>\t\t\t\t<\/div>\n\t\t\t\t\t\t\t\t\t\t\t\t\t\t\t<div class=\"elementor-swiper-button elementor-swiper-button-prev\" role=\"button\" tabindex=\"0\" aria-label=\"Previous slide\">\n\t\t\t\t\t\t\t<svg aria-hidden=\"true\" class=\"e-font-icon-svg e-eicon-chevron-left\" viewBox=\"0 0 1000 1000\" xmlns=\"http:\/\/www.w3.org\/2000\/svg\"><path d=\"M646 125C629 125 613 133 604 142L308 442C296 454 292 471 292 487 292 504 296 521 308 533L604 854C617 867 629 875 646 875 663 875 679 871 692 858 704 846 713 829 713 812 713 796 708 779 692 767L438 487 692 225C700 217 708 204 708 187 708 171 704 154 692 142 675 129 663 125 646 125Z\"><\/path><\/svg>\t\t\t\t\t\t<\/div>\n\t\t\t\t\t\t<div class=\"elementor-swiper-button elementor-swiper-button-next\" role=\"button\" tabindex=\"0\" aria-label=\"Next slide\">\n\t\t\t\t\t\t\t<svg aria-hidden=\"true\" class=\"e-font-icon-svg e-eicon-chevron-right\" viewBox=\"0 0 1000 1000\" xmlns=\"http:\/\/www.w3.org\/2000\/svg\"><path d=\"M696 533C708 521 713 504 713 487 713 471 708 454 696 446L400 146C388 133 375 125 354 125 338 125 325 129 313 142 300 154 292 171 292 187 292 204 296 221 308 233L563 492 304 771C292 783 288 800 288 817 288 833 296 850 308 863 321 871 338 875 354 875 371 875 388 867 400 854L696 533Z\"><\/path><\/svg>\t\t\t\t\t\t<\/div>\n\t\t\t\t\t\t\t\t\t\t\t\t\t\t\t\t<div class=\"swiper-pagination\"><\/div>\n\t\t\t\t\t\t\t\t\t\t\t\t<\/div>\n\t\t\t\t<\/div>\n\t\t\t\t\t\t\t\t<\/div>\n\t\t\t\t<\/div>\n\t\t\t\t\t<\/div>\n\t\t\t\t<\/div>\n\t\t<div class=\"elementor-element elementor-element-06e4ac4 e-flex e-con-boxed e-con e-parent\" data-id=\"06e4ac4\" data-element_type=\"container\">\n\t\t\t\t\t<div class=\"e-con-inner\">\n\t\t\t\t<div class=\"elementor-element elementor-element-c711b02 elementor-widget elementor-widget-text-editor\" data-id=\"c711b02\" data-element_type=\"widget\" data-widget_type=\"text-editor.default\">\n\t\t\t\t<div class=\"elementor-widget-container\">\n\t\t\t\t\t\t\t\t\t<p>Il progetto leccePi\u00f9 si pone l&#8217;obiettivo di migliorare la qualit\u00e0 della vita degli anziani e dei disabili del territorio di Lecce, offrendo loro un supporto concreto e personalizzato per affrontare le sfide quotidiane e mantenere uno stile di vita attivo e dignitoso.<\/p>\n<p>Per raggiungere questo obiettivo, il progetto prevede l&#8217;utilizzo di tecnologie innovative e soluzioni digitali che consentono di monitorare lo stato di salute e benessere delle persone a distanza, facilitando la comunicazione e il supporto da parte di operatori sanitari e familiari. Inoltre, verranno promosse attivit\u00e0 di socializzazione e inclusione, attraverso la creazione di gruppi di supporto, incontri culturali e ricreativi e l&#8217;organizzazione di eventi sociali.<\/p>\n<p>Il progetto si propone di coinvolgere attivamente le persone anziane e disabili nel processo decisionale relativo alla propria salute e al proprio benessere, favorendo l&#8217;empowerment e l&#8217;autonomia individuale. Inoltre, verranno stabilite partnership con enti pubblici e privati, al fine di garantire un approccio olistico e multidisciplinare nel trattamento e nella gestione delle persone fragili.<\/p>\n<p>Attraverso la realizzazione di questo progetto, si mira a creare una rete di supporto solida e duratura per le persone anziane e disabili, promuovendo la loro inclusione sociale e garantendo loro una migliore qualit\u00e0 di vita.<\/p>\n<p>Questo progetto \u00e8 possibile grazie alla collaborazione dei nostri <strong>angeli di quartiere<\/strong>, che sono volontari dedicati e appassionati, pronti a mettersi al servizio della comunit\u00e0 per garantire un supporto costante e personalizzato a chi ne ha bisogno. Grazie a questa iniziativa, possiamo essere sicuri che nessun cittadino sar\u00e0 lasciato indietro o dimenticato, ma avr\u00e0 sempre a disposizione un aiuto concreto e tempestivo. Siamo grati per l&#8217;impegno di tutti coloro che rendono possibile questo progetto e siamo fiduciosi che porter\u00e0 importanti benefici a tutta la comunit\u00e0.<\/p>\t\t\t\t\t\t\t\t<\/div>\n\t\t\t\t<\/div>\n\t\t\t\t\t<\/div>\n\t\t\t\t<\/div>\n\t\t\t\t<\/div>\n\t\t","protected":false},"excerpt":{"rendered":"<p>Gli &#8216;angeli di quartiere&#8216; saranno dei veri e propri punti di riferimento per coloro che si trovano soli e non hanno supporto da parte di familiari o amici. Saranno in grado di fornire non solo supporto pratico, ma anche conforto e compagnia, aiutando le persone a sentirsi meno sole e pi\u00f9 integrate nella comunit\u00e0. Questo [&hellip;]<\/p>\n","protected":false},"author":1,"featured_media":552,"parent":0,"menu_order":0,"comment_status":"closed","ping_status":"closed","template":"","meta":{"footnotes":""},"class_list":["post-44","page","type-page","status-publish","has-post-thumbnail","hentry"],"_links":{"self":[{"href":"https:\/\/test.leccepiu.com\/index.php?rest_route=\/wp\/v2\/pages\/44","targetHints":{"allow":["GET"]}}],"collection":[{"href":"https:\/\/test.leccepiu.com\/index.php?rest_route=\/wp\/v2\/pages"}],"about":[{"href":"https:\/\/test.leccepiu.com\/index.php?rest_route=\/wp\/v2\/types\/page"}],"author":[{"embeddable":true,"href":"https:\/\/test.leccepiu.com\/index.php?rest_route=\/wp\/v2\/users\/1"}],"replies":[{"embeddable":true,"href":"https:\/\/test.leccepiu.com\/index.php?rest_route=%2Fwp%2Fv2%2Fcomments&post=44"}],"version-history":[{"count":26,"href":"https:\/\/test.leccepiu.com\/index.php?rest_route=\/wp\/v2\/pages\/44\/revisions"}],"predecessor-version":[{"id":590,"href":"https:\/\/test.leccepiu.com\/index.php?rest_route=\/wp\/v2\/pages\/44\/revisions\/590"}],"wp:featuredmedia":[{"embeddable":true,"href":"https:\/\/test.leccepiu.com\/index.php?rest_route=\/wp\/v2\/media\/552"}],"wp:attachment":[{"href":"https:\/\/test.leccepiu.com\/index.php?rest_route=%2Fwp%2Fv2%2Fmedia&parent=44"}],"curies":[{"name":"wp","href":"https:\/\/api.w.org\/{rel}","templated":true}]}}