{"id":68,"date":"2024-04-22T12:00:25","date_gmt":"2024-04-22T10:00:25","guid":{"rendered":"https:\/\/test.leccepiu.com\/?page_id=68"},"modified":"2024-04-22T12:00:25","modified_gmt":"2024-04-22T10:00:25","slug":"home-2","status":"publish","type":"page","link":"https:\/\/test.leccepiu.com\/?page_id=68","title":{"rendered":"Home"},"content":{"rendered":"<p><style>\/*! elementor - v3.18.0 - 20-12-2023 *\/<br \/>\n.elementor-heading-title{padding:0;margin:0;line-height:1}.elementor-widget-heading .elementor-heading-title[class*=elementor-size-]>a{color:inherit;font-size:inherit;line-height:inherit}.elementor-widget-heading .elementor-heading-title.elementor-size-small{font-size:15px}.elementor-widget-heading .elementor-heading-title.elementor-size-medium{font-size:19px}.elementor-widget-heading .elementor-heading-title.elementor-size-large{font-size:29px}.elementor-widget-heading .elementor-heading-title.elementor-size-xl{font-size:39px}.elementor-widget-heading .elementor-heading-title.elementor-size-xxl{font-size:59px}<\/style>\n<\/p>\n<h1><strong>LeccePi\u00f9<\/strong><\/h1><p>Siamo felici di presentarti il progetto<strong> LeccePi\u00f9<\/strong>, un&#8217;opportunit\u00e0 imperdibile per contribuire alla rivoluzione digitale della nostra citt\u00e0. Siamo un ponte tra domanda e offerta, aiutando gli imprenditori locali a digitalizzare i loro servizi e a migliorare la loro presenza online. Insieme, potremo portare a termine una vera e propria trasformazione del sistema economico locale, sostenendo i singoli negozianti e preservando l&#8217;autenticit\u00e0 dei nostri quartieri. Il progetto <strong>LeccePi\u00f9<\/strong> \u00e8 l&#8217;inizio di un viaggio entusiasmante a cui sei invitato a partecipare attivamente. Siamo pronti a collaborare con te per creare una comunit\u00e0 digitale ancor pi\u00f9 forte e connessa. Non perdere l&#8217;opportunit\u00e0 di far parte di questa grande innovazione!<\/p><figure class=\"wp-block-table\"><table><thead><tr><th>Fattore<\/th><th>Descrizione<\/th><\/tr><\/thead><tbody><tr><td><strong>Impatto Sociale<\/strong><\/td><td>Supporto ai piccoli negozi e servizi locali, preservando il tessuto urbano e la cultura di Lecce.<\/td><\/tr><tr><td><strong>Trasformazione Digitale<\/strong><\/td><td>Digitalizzazione delle attivit\u00e0 commerciali per una maggiore visibilit\u00e0 e rilancio economico.<\/td><\/tr><tr><td><strong>Vantaggi per gli Imprenditori<\/strong><\/td><td>Miglioramento della presenza online e accesso a nuovi strumenti di marketing.<\/td><\/tr><tr><td><strong>Coinvolgimento Comunitario<\/strong><\/td><td>Creazione di una comunit\u00e0 digitale forte che incoraggia l&#8217;economia locale.<\/td><\/tr><tr><td><strong>Innovazione<\/strong><\/td><td>Adozione di tecnologie avanzate per rimanere competitivi a livello globale.<\/td><\/tr><\/tbody><\/table><\/figure><p><strong>Unisciti a noi nel progetto LeccePi\u00f9 e contribuisci a costruire il futuro digitale di Lecce!<\/strong><\/p>","protected":false},"excerpt":{"rendered":"<p>LeccePi\u00f9 Siamo felici di presentarti il progetto LeccePi\u00f9, un&#8217;opportunit\u00e0 imperdibile per contribuire alla rivoluzione digitale della nostra citt\u00e0. Siamo un ponte tra domanda e offerta, aiutando gli imprenditori locali a digitalizzare i loro servizi e a migliorare la loro presenza online. Insieme, potremo portare a termine una vera e propria trasformazione del sistema economico locale, [&hellip;]<\/p>\n","protected":false},"author":1,"featured_media":0,"parent":0,"menu_order":0,"comment_status":"closed","ping_status":"closed","template":"","meta":{"footnotes":""},"class_list":["post-68","page","type-page","status-publish","hentry"],"_links":{"self":[{"href":"https:\/\/test.leccepiu.com\/index.php?rest_route=\/wp\/v2\/pages\/68","targetHints":{"allow":["GET"]}}],"collection":[{"href":"https:\/\/test.leccepiu.com\/index.php?rest_route=\/wp\/v2\/pages"}],"about":[{"href":"https:\/\/test.leccepiu.com\/index.php?rest_route=\/wp\/v2\/types\/page"}],"author":[{"embeddable":true,"href":"https:\/\/test.leccepiu.com\/index.php?rest_route=\/wp\/v2\/users\/1"}],"replies":[{"embeddable":true,"href":"https:\/\/test.leccepiu.com\/index.php?rest_route=%2Fwp%2Fv2%2Fcomments&post=68"}],"version-history":[{"count":2,"href":"https:\/\/test.leccepiu.com\/index.php?rest_route=\/wp\/v2\/pages\/68\/revisions"}],"predecessor-version":[{"id":591,"href":"https:\/\/test.leccepiu.com\/index.php?rest_route=\/wp\/v2\/pages\/68\/revisions\/591"}],"wp:attachment":[{"href":"https:\/\/test.leccepiu.com\/index.php?rest_route=%2Fwp%2Fv2%2Fmedia&parent=68"}],"curies":[{"name":"wp","href":"https:\/\/api.w.org\/{rel}","templated":true}]}}