{"id":396,"date":"2024-05-06T17:07:31","date_gmt":"2024-05-06T15:07:31","guid":{"rendered":"https:\/\/test.leccepiu.com\/?post_type=product&#038;p=396"},"modified":"2024-05-06T17:08:32","modified_gmt":"2024-05-06T15:08:32","slug":"casco-airoh-cross-off-road-enduro-wraap-idol-giallo","status":"publish","type":"product","link":"https:\/\/test.leccepiu.com\/?product=casco-airoh-cross-off-road-enduro-wraap-idol-giallo","title":{"rendered":"Casco Airoh Cross Off-Road Enduro Wraap Idol Giallo"},"content":{"rendered":"<p>La passione per andare fuori strada non invecchia mai. Ultralight HRT (High Resistant Thermoplastic) sgusciolano in tre diverse misure per soddisfare ogni dimensione, anche i pi\u00f9 giovani Airohriders grazie alle versioni Regular e Slim. L\u2019innovativo sistema A Doppia EPS con densit\u00e0 variabile \u00e8 conforme ai pi\u00f9 elevati standard di sicurezza, proprio come per i caschi di fascia alta. Rivestimento interno ipoallergenico e rimovibile, sistema di ritenzione DD-Rings per la massima sicurezza e grafica elegante e aggressiva per essere sempre un passo avanti.<\/p>\n","protected":false},"excerpt":{"rendered":"<p>La passione per andare fuori strada non invecchia mai. Ultralight HRT (High Resistant Thermoplastic) sgusciolano in tre diverse misure per soddisfare ogni dimensione, anche i pi\u00f9 giovani Airohriders grazie alle versioni Regular e Slim.<\/p>\n","protected":false},"featured_media":395,"comment_status":"open","ping_status":"closed","template":"","meta":[],"product_brand":[],"product_cat":[23],"product_tag":[27,29,28],"class_list":{"0":"post-396","1":"product","2":"type-product","3":"status-publish","4":"has-post-thumbnail","6":"product_cat-casco-moto","7":"product_tag-lecce","8":"product_tag-protezione-individuale","9":"product_tag-sicurezza-stradale","11":"first","12":"instock","13":"shipping-taxable","14":"purchasable","15":"product-type-simple"},"_links":{"self":[{"href":"https:\/\/test.leccepiu.com\/index.php?rest_route=\/wp\/v2\/product\/396","targetHints":{"allow":["GET"]}}],"collection":[{"href":"https:\/\/test.leccepiu.com\/index.php?rest_route=\/wp\/v2\/product"}],"about":[{"href":"https:\/\/test.leccepiu.com\/index.php?rest_route=\/wp\/v2\/types\/product"}],"replies":[{"embeddable":true,"href":"https:\/\/test.leccepiu.com\/index.php?rest_route=%2Fwp%2Fv2%2Fcomments&post=396"}],"wp:featuredmedia":[{"embeddable":true,"href":"https:\/\/test.leccepiu.com\/index.php?rest_route=\/wp\/v2\/media\/395"}],"wp:attachment":[{"href":"https:\/\/test.leccepiu.com\/index.php?rest_route=%2Fwp%2Fv2%2Fmedia&parent=396"}],"wp:term":[{"taxonomy":"product_brand","embeddable":true,"href":"https:\/\/test.leccepiu.com\/index.php?rest_route=%2Fwp%2Fv2%2Fproduct_brand&post=396"},{"taxonomy":"product_cat","embeddable":true,"href":"https:\/\/test.leccepiu.com\/index.php?rest_route=%2Fwp%2Fv2%2Fproduct_cat&post=396"},{"taxonomy":"product_tag","embeddable":true,"href":"https:\/\/test.leccepiu.com\/index.php?rest_route=%2Fwp%2Fv2%2Fproduct_tag&post=396"}],"curies":[{"name":"wp","href":"https:\/\/api.w.org\/{rel}","templated":true}]}}